{"id":137,"date":"2024-10-14T16:46:15","date_gmt":"2024-10-14T14:46:15","guid":{"rendered":"https:\/\/nicol-development.pl\/?page_id=137"},"modified":"2024-10-14T16:46:44","modified_gmt":"2024-10-14T14:46:44","slug":"segmenty-przy-chelmonskiego","status":"publish","type":"page","link":"https:\/\/nicol-development.pl\/?page_id=137","title":{"rendered":"Segmenty przy Che\u0142mo\u0144skiego"},"content":{"rendered":"\n<p class=\"has-text-align-center\" style=\"margin-top:var(--wp--preset--spacing--10);margin-bottom:var(--wp--preset--spacing--10);font-size:clamp(1.092rem, 1.092rem + ((1vw - 0.2rem) * 1.013), 1.7rem);font-style:normal;font-weight:600\">Inwestycja przy ul. Che\u0142mo\u0144skiego w Z\u0105bkach<\/p>\n\n\n\n<p><\/p>\n\n\n\n<p><\/p>\n\n\n\n<figure class=\"wp-block-image size-large\"><img loading=\"lazy\" decoding=\"async\" width=\"1024\" height=\"765\" src=\"https:\/\/nicol-development.pl\/wp-content\/uploads\/2024\/10\/IMG_0394-1024x765.jpg\" alt=\"Segmenty przy Che\u0142mo\u0144skiego\" class=\"wp-image-144\" srcset=\"https:\/\/nicol-development.pl\/wp-content\/uploads\/2024\/10\/IMG_0394-1024x765.jpg 1024w, https:\/\/nicol-development.pl\/wp-content\/uploads\/2024\/10\/IMG_0394-300x224.jpg 300w, https:\/\/nicol-development.pl\/wp-content\/uploads\/2024\/10\/IMG_0394-768x574.jpg 768w, https:\/\/nicol-development.pl\/wp-content\/uploads\/2024\/10\/IMG_0394-1536x1147.jpg 1536w, https:\/\/nicol-development.pl\/wp-content\/uploads\/2024\/10\/IMG_0394-2048x1530.jpg 2048w\" sizes=\"auto, (max-width: 1024px) 100vw, 1024px\" \/><\/figure>\n\n\n\n<p><\/p>\n\n\n\n<figure class=\"wp-block-image size-large\"><img loading=\"lazy\" decoding=\"async\" width=\"1024\" height=\"765\" src=\"https:\/\/nicol-development.pl\/wp-content\/uploads\/2024\/10\/IMG_0378-1024x765.jpg\" alt=\"Segmenty przy Che\u0142mo\u0144skiego\" class=\"wp-image-141\" srcset=\"https:\/\/nicol-development.pl\/wp-content\/uploads\/2024\/10\/IMG_0378-1024x765.jpg 1024w, https:\/\/nicol-development.pl\/wp-content\/uploads\/2024\/10\/IMG_0378-300x224.jpg 300w, https:\/\/nicol-development.pl\/wp-content\/uploads\/2024\/10\/IMG_0378-768x574.jpg 768w, https:\/\/nicol-development.pl\/wp-content\/uploads\/2024\/10\/IMG_0378-1536x1147.jpg 1536w, https:\/\/nicol-development.pl\/wp-content\/uploads\/2024\/10\/IMG_0378-2048x1530.jpg 2048w\" sizes=\"auto, (max-width: 1024px) 100vw, 1024px\" \/><\/figure>\n\n\n\n<p><\/p>\n\n\n\n<figure class=\"wp-block-image size-large\"><img loading=\"lazy\" decoding=\"async\" width=\"1024\" height=\"765\" src=\"https:\/\/nicol-development.pl\/wp-content\/uploads\/2024\/10\/IMG_0380-1024x765.jpg\" alt=\"Segmenty przy Che\u0142mo\u0144skiego\" class=\"wp-image-142\" srcset=\"https:\/\/nicol-development.pl\/wp-content\/uploads\/2024\/10\/IMG_0380-1024x765.jpg 1024w, https:\/\/nicol-development.pl\/wp-content\/uploads\/2024\/10\/IMG_0380-300x224.jpg 300w, https:\/\/nicol-development.pl\/wp-content\/uploads\/2024\/10\/IMG_0380-768x574.jpg 768w, https:\/\/nicol-development.pl\/wp-content\/uploads\/2024\/10\/IMG_0380-1536x1147.jpg 1536w, https:\/\/nicol-development.pl\/wp-content\/uploads\/2024\/10\/IMG_0380-2048x1530.jpg 2048w\" sizes=\"auto, (max-width: 1024px) 100vw, 1024px\" \/><\/figure>\n\n\n\n<p><\/p>\n\n\n\n<figure class=\"wp-block-image size-large\"><img loading=\"lazy\" decoding=\"async\" width=\"1024\" height=\"765\" src=\"https:\/\/nicol-development.pl\/wp-content\/uploads\/2024\/10\/IMG_0368-1024x765.jpg\" alt=\"Segmenty przy Che\u0142mo\u0144skiego\" class=\"wp-image-138\" srcset=\"https:\/\/nicol-development.pl\/wp-content\/uploads\/2024\/10\/IMG_0368-1024x765.jpg 1024w, https:\/\/nicol-development.pl\/wp-content\/uploads\/2024\/10\/IMG_0368-300x224.jpg 300w, https:\/\/nicol-development.pl\/wp-content\/uploads\/2024\/10\/IMG_0368-768x574.jpg 768w, https:\/\/nicol-development.pl\/wp-content\/uploads\/2024\/10\/IMG_0368-1536x1147.jpg 1536w, https:\/\/nicol-development.pl\/wp-content\/uploads\/2024\/10\/IMG_0368-2048x1530.jpg 2048w\" sizes=\"auto, (max-width: 1024px) 100vw, 1024px\" \/><\/figure>\n\n\n\n<p><\/p>\n\n\n\n<figure class=\"wp-block-image size-large\"><img loading=\"lazy\" decoding=\"async\" width=\"1024\" height=\"765\" src=\"https:\/\/nicol-development.pl\/wp-content\/uploads\/2024\/10\/IMG_0370-1024x765.jpg\" alt=\"Segmenty przy Che\u0142mo\u0144skiego\" class=\"wp-image-139\" srcset=\"https:\/\/nicol-development.pl\/wp-content\/uploads\/2024\/10\/IMG_0370-1024x765.jpg 1024w, https:\/\/nicol-development.pl\/wp-content\/uploads\/2024\/10\/IMG_0370-300x224.jpg 300w, https:\/\/nicol-development.pl\/wp-content\/uploads\/2024\/10\/IMG_0370-768x574.jpg 768w, https:\/\/nicol-development.pl\/wp-content\/uploads\/2024\/10\/IMG_0370-1536x1147.jpg 1536w, https:\/\/nicol-development.pl\/wp-content\/uploads\/2024\/10\/IMG_0370-2048x1530.jpg 2048w\" sizes=\"auto, (max-width: 1024px) 100vw, 1024px\" \/><\/figure>\n\n\n\n<p><\/p>\n\n\n\n<figure class=\"wp-block-image size-large\"><img loading=\"lazy\" decoding=\"async\" width=\"1024\" height=\"765\" src=\"https:\/\/nicol-development.pl\/wp-content\/uploads\/2024\/10\/IMG_0377-1024x765.jpg\" alt=\"Segmenty przy Che\u0142mo\u0144skiego\" class=\"wp-image-140\" srcset=\"https:\/\/nicol-development.pl\/wp-content\/uploads\/2024\/10\/IMG_0377-1024x765.jpg 1024w, https:\/\/nicol-development.pl\/wp-content\/uploads\/2024\/10\/IMG_0377-300x224.jpg 300w, https:\/\/nicol-development.pl\/wp-content\/uploads\/2024\/10\/IMG_0377-768x574.jpg 768w, https:\/\/nicol-development.pl\/wp-content\/uploads\/2024\/10\/IMG_0377-1536x1147.jpg 1536w, https:\/\/nicol-development.pl\/wp-content\/uploads\/2024\/10\/IMG_0377-2048x1530.jpg 2048w\" sizes=\"auto, (max-width: 1024px) 100vw, 1024px\" \/><\/figure>\n\n\n\n<p><\/p>\n\n\n\n<figure class=\"wp-block-image size-large\"><img loading=\"lazy\" decoding=\"async\" width=\"1024\" height=\"765\" src=\"https:\/\/nicol-development.pl\/wp-content\/uploads\/2024\/10\/IMG_0383-1024x765.jpg\" alt=\"Segmenty przy Che\u0142mo\u0144skiego\" class=\"wp-image-143\" srcset=\"https:\/\/nicol-development.pl\/wp-content\/uploads\/2024\/10\/IMG_0383-1024x765.jpg 1024w, https:\/\/nicol-development.pl\/wp-content\/uploads\/2024\/10\/IMG_0383-300x224.jpg 300w, https:\/\/nicol-development.pl\/wp-content\/uploads\/2024\/10\/IMG_0383-768x574.jpg 768w, https:\/\/nicol-development.pl\/wp-content\/uploads\/2024\/10\/IMG_0383-1536x1147.jpg 1536w, https:\/\/nicol-development.pl\/wp-content\/uploads\/2024\/10\/IMG_0383-2048x1530.jpg 2048w\" sizes=\"auto, (max-width: 1024px) 100vw, 1024px\" \/><\/figure>\n\n\n\n<p><\/p>\n\n\n\n<div class=\"wp-block-buttons is-content-justification-center is-nowrap is-layout-flex wp-container-core-buttons-is-layout-12a27398 wp-block-buttons-is-layout-flex\">\n<div class=\"wp-block-button\"><a class=\"wp-block-button__link wp-element-button\" href=\"https:\/\/nicol-development.pl\/?page_id=85\" rel=\"https:\/\/nicol-development.pl\/?page_id=85\">NAPISZ DO NAS<\/a><\/div>\n<\/div>\n","protected":false},"excerpt":{"rendered":"<p>Inwestycja przy ul. Che\u0142mo\u0144skiego w Z\u0105bkach<\/p>\n","protected":false},"author":1,"featured_media":0,"parent":78,"menu_order":0,"comment_status":"closed","ping_status":"closed","template":"","meta":{"footnotes":""},"class_list":["post-137","page","type-page","status-publish","hentry"],"_links":{"self":[{"href":"https:\/\/nicol-development.pl\/index.php?rest_route=\/wp\/v2\/pages\/137","targetHints":{"allow":["GET"]}}],"collection":[{"href":"https:\/\/nicol-development.pl\/index.php?rest_route=\/wp\/v2\/pages"}],"about":[{"href":"https:\/\/nicol-development.pl\/index.php?rest_route=\/wp\/v2\/types\/page"}],"author":[{"embeddable":true,"href":"https:\/\/nicol-development.pl\/index.php?rest_route=\/wp\/v2\/users\/1"}],"replies":[{"embeddable":true,"href":"https:\/\/nicol-development.pl\/index.php?rest_route=%2Fwp%2Fv2%2Fcomments&post=137"}],"version-history":[{"count":1,"href":"https:\/\/nicol-development.pl\/index.php?rest_route=\/wp\/v2\/pages\/137\/revisions"}],"predecessor-version":[{"id":147,"href":"https:\/\/nicol-development.pl\/index.php?rest_route=\/wp\/v2\/pages\/137\/revisions\/147"}],"up":[{"embeddable":true,"href":"https:\/\/nicol-development.pl\/index.php?rest_route=\/wp\/v2\/pages\/78"}],"wp:attachment":[{"href":"https:\/\/nicol-development.pl\/index.php?rest_route=%2Fwp%2Fv2%2Fmedia&parent=137"}],"curies":[{"name":"wp","href":"https:\/\/api.w.org\/{rel}","templated":true}]}}