{"id":254,"date":"2026-03-23T18:45:32","date_gmt":"2026-03-23T17:45:32","guid":{"rendered":"https:\/\/nicol-development.pl\/?page_id=254"},"modified":"2026-03-23T19:03:14","modified_gmt":"2026-03-23T18:03:14","slug":"inwestycja-przy-ul-chelmonskiego-w-zabkach","status":"publish","type":"page","link":"https:\/\/nicol-development.pl\/?page_id=254","title":{"rendered":"Inwestycja przy ul. Che\u0142mo\u0144skiego w Z\u0105bkach"},"content":{"rendered":"\n<p>Mieszkanie przy Che\u0142mo\u0144skiego zrealizowane w 2025r.<\/p>\n\n\n\n<p><\/p>\n\n\n\n<p><\/p>\n\n\n\n<p><\/p>\n\n\n\n<p><\/p>\n\n\n\n<figure class=\"wp-block-image size-large\"><img loading=\"lazy\" decoding=\"async\" width=\"768\" height=\"1024\" src=\"https:\/\/nicol-development.pl\/wp-content\/uploads\/2026\/03\/ZD.1-768x1024.jpg\" alt=\"Mieszkania przy Che\u0142mo\u0144skiego\" class=\"wp-image-255\" srcset=\"https:\/\/nicol-development.pl\/wp-content\/uploads\/2026\/03\/ZD.1-768x1024.jpg 768w, https:\/\/nicol-development.pl\/wp-content\/uploads\/2026\/03\/ZD.1-225x300.jpg 225w, https:\/\/nicol-development.pl\/wp-content\/uploads\/2026\/03\/ZD.1-1152x1536.jpg 1152w, https:\/\/nicol-development.pl\/wp-content\/uploads\/2026\/03\/ZD.1-1536x2048.jpg 1536w, https:\/\/nicol-development.pl\/wp-content\/uploads\/2026\/03\/ZD.1-scaled.jpg 1920w\" sizes=\"auto, (max-width: 768px) 100vw, 768px\" \/><\/figure>\n\n\n\n<p><\/p>\n\n\n\n<figure class=\"wp-block-image size-large\"><img loading=\"lazy\" decoding=\"async\" width=\"768\" height=\"1024\" src=\"https:\/\/nicol-development.pl\/wp-content\/uploads\/2026\/03\/ZD.0-768x1024.jpg\" alt=\"Mieszkania przy Che\u0142mo\u0144skiego\" class=\"wp-image-256\" srcset=\"https:\/\/nicol-development.pl\/wp-content\/uploads\/2026\/03\/ZD.0-768x1024.jpg 768w, https:\/\/nicol-development.pl\/wp-content\/uploads\/2026\/03\/ZD.0-225x300.jpg 225w, https:\/\/nicol-development.pl\/wp-content\/uploads\/2026\/03\/ZD.0-1152x1536.jpg 1152w, https:\/\/nicol-development.pl\/wp-content\/uploads\/2026\/03\/ZD.0-1536x2048.jpg 1536w, https:\/\/nicol-development.pl\/wp-content\/uploads\/2026\/03\/ZD.0-scaled.jpg 1920w\" sizes=\"auto, (max-width: 768px) 100vw, 768px\" \/><\/figure>\n\n\n\n<p><\/p>\n\n\n\n<figure class=\"wp-block-image size-large\"><img loading=\"lazy\" decoding=\"async\" width=\"768\" height=\"1024\" src=\"https:\/\/nicol-development.pl\/wp-content\/uploads\/2026\/03\/ZD.2-768x1024.jpg\" alt=\"Mieszkania przy Che\u0142mo\u0144skiego\" class=\"wp-image-257\" srcset=\"https:\/\/nicol-development.pl\/wp-content\/uploads\/2026\/03\/ZD.2-768x1024.jpg 768w, https:\/\/nicol-development.pl\/wp-content\/uploads\/2026\/03\/ZD.2-225x300.jpg 225w, https:\/\/nicol-development.pl\/wp-content\/uploads\/2026\/03\/ZD.2-1152x1536.jpg 1152w, https:\/\/nicol-development.pl\/wp-content\/uploads\/2026\/03\/ZD.2-1536x2048.jpg 1536w, https:\/\/nicol-development.pl\/wp-content\/uploads\/2026\/03\/ZD.2-scaled.jpg 1920w\" sizes=\"auto, (max-width: 768px) 100vw, 768px\" \/><\/figure>\n\n\n\n<p><\/p>\n\n\n\n<figure class=\"wp-block-image size-large\"><img loading=\"lazy\" decoding=\"async\" width=\"1024\" height=\"768\" src=\"https:\/\/nicol-development.pl\/wp-content\/uploads\/2026\/03\/ZD.4-1024x768.jpg\" alt=\"Mieszkania przy Che\u0142mo\u0144skiego\" class=\"wp-image-258\" srcset=\"https:\/\/nicol-development.pl\/wp-content\/uploads\/2026\/03\/ZD.4-1024x768.jpg 1024w, https:\/\/nicol-development.pl\/wp-content\/uploads\/2026\/03\/ZD.4-300x225.jpg 300w, https:\/\/nicol-development.pl\/wp-content\/uploads\/2026\/03\/ZD.4-768x576.jpg 768w, https:\/\/nicol-development.pl\/wp-content\/uploads\/2026\/03\/ZD.4-1536x1152.jpg 1536w, https:\/\/nicol-development.pl\/wp-content\/uploads\/2026\/03\/ZD.4-2048x1536.jpg 2048w\" sizes=\"auto, (max-width: 1024px) 100vw, 1024px\" \/><\/figure>\n\n\n\n<h2 class=\"wp-block-heading\">WIZUALIZACJE<\/h2>\n\n\n\n<figure class=\"wp-block-image size-large\"><img loading=\"lazy\" decoding=\"async\" width=\"1024\" height=\"576\" src=\"https:\/\/nicol-development.pl\/wp-content\/uploads\/2024\/10\/Camera.007-1024x576.jpg\" alt=\"Wizualizacja Che\u0142mo\u0144skiego\" class=\"wp-image-117\" srcset=\"https:\/\/nicol-development.pl\/wp-content\/uploads\/2024\/10\/Camera.007-1024x576.jpg 1024w, https:\/\/nicol-development.pl\/wp-content\/uploads\/2024\/10\/Camera.007-300x169.jpg 300w, https:\/\/nicol-development.pl\/wp-content\/uploads\/2024\/10\/Camera.007-768x432.jpg 768w, https:\/\/nicol-development.pl\/wp-content\/uploads\/2024\/10\/Camera.007-1536x864.jpg 1536w, https:\/\/nicol-development.pl\/wp-content\/uploads\/2024\/10\/Camera.007-2048x1152.jpg 2048w\" sizes=\"auto, (max-width: 1024px) 100vw, 1024px\" \/><figcaption class=\"wp-element-caption\">Widok z boku<\/figcaption><\/figure>\n\n\n\n<figure class=\"wp-block-image size-large\"><img loading=\"lazy\" decoding=\"async\" width=\"1024\" height=\"576\" src=\"https:\/\/nicol-development.pl\/wp-content\/uploads\/2024\/10\/Camera.003-1024x576.jpg\" alt=\"Wizualizacja Che\u0142mo\u0144skiego\" class=\"wp-image-113\" srcset=\"https:\/\/nicol-development.pl\/wp-content\/uploads\/2024\/10\/Camera.003-1024x576.jpg 1024w, https:\/\/nicol-development.pl\/wp-content\/uploads\/2024\/10\/Camera.003-300x169.jpg 300w, https:\/\/nicol-development.pl\/wp-content\/uploads\/2024\/10\/Camera.003-768x432.jpg 768w, https:\/\/nicol-development.pl\/wp-content\/uploads\/2024\/10\/Camera.003-1536x864.jpg 1536w, https:\/\/nicol-development.pl\/wp-content\/uploads\/2024\/10\/Camera.003-2048x1152.jpg 2048w\" sizes=\"auto, (max-width: 1024px) 100vw, 1024px\" \/><\/figure>\n\n\n\n<figure class=\"wp-block-image size-large\"><img loading=\"lazy\" decoding=\"async\" width=\"1024\" height=\"576\" src=\"https:\/\/nicol-development.pl\/wp-content\/uploads\/2024\/10\/Camera.001-1024x576.jpg\" alt=\"Wizualizacja Che\u0142mo\u0144skiego\" class=\"wp-image-111\" srcset=\"https:\/\/nicol-development.pl\/wp-content\/uploads\/2024\/10\/Camera.001-1024x576.jpg 1024w, https:\/\/nicol-development.pl\/wp-content\/uploads\/2024\/10\/Camera.001-300x169.jpg 300w, https:\/\/nicol-development.pl\/wp-content\/uploads\/2024\/10\/Camera.001-768x432.jpg 768w, https:\/\/nicol-development.pl\/wp-content\/uploads\/2024\/10\/Camera.001-1536x864.jpg 1536w, https:\/\/nicol-development.pl\/wp-content\/uploads\/2024\/10\/Camera.001-2048x1152.jpg 2048w\" sizes=\"auto, (max-width: 1024px) 100vw, 1024px\" \/><figcaption class=\"wp-element-caption\">Wizualizacja Che\u0142mo\u0144skiego<\/figcaption><\/figure>\n\n\n\n<figure class=\"wp-block-image size-large\"><img loading=\"lazy\" decoding=\"async\" width=\"1024\" height=\"576\" src=\"https:\/\/nicol-development.pl\/wp-content\/uploads\/2024\/10\/Camera.006-1024x576.jpg\" alt=\"Wizualizacja Che\u0142mo\u0144skiego\" class=\"wp-image-116\" srcset=\"https:\/\/nicol-development.pl\/wp-content\/uploads\/2024\/10\/Camera.006-1024x576.jpg 1024w, https:\/\/nicol-development.pl\/wp-content\/uploads\/2024\/10\/Camera.006-300x169.jpg 300w, https:\/\/nicol-development.pl\/wp-content\/uploads\/2024\/10\/Camera.006-768x432.jpg 768w, https:\/\/nicol-development.pl\/wp-content\/uploads\/2024\/10\/Camera.006-1536x864.jpg 1536w, https:\/\/nicol-development.pl\/wp-content\/uploads\/2024\/10\/Camera.006-2048x1152.jpg 2048w\" sizes=\"auto, (max-width: 1024px) 100vw, 1024px\" \/><figcaption class=\"wp-element-caption\">Widok z g\u00f3ry<\/figcaption><\/figure>\n\n\n\n<div class=\"wp-block-buttons is-content-justification-center is-nowrap is-layout-flex wp-container-core-buttons-is-layout-12a27398 wp-block-buttons-is-layout-flex\">\n<div class=\"wp-block-button\"><a class=\"wp-block-button__link wp-element-button\" href=\"https:\/\/nicol-development.pl\/?page_id=85\" rel=\"https:\/\/nicol-development.pl\/?page_id=85\">NAPISZ DO NAS<\/a><\/div>\n<\/div>\n","protected":false},"excerpt":{"rendered":"<p>Mieszkanie przy Che\u0142mo\u0144skiego zrealizowane w 2025r. WIZUALIZACJE<\/p>\n","protected":false},"author":1,"featured_media":0,"parent":78,"menu_order":1,"comment_status":"closed","ping_status":"closed","template":"","meta":{"footnotes":""},"class_list":["post-254","page","type-page","status-publish","hentry"],"_links":{"self":[{"href":"https:\/\/nicol-development.pl\/index.php?rest_route=\/wp\/v2\/pages\/254","targetHints":{"allow":["GET"]}}],"collection":[{"href":"https:\/\/nicol-development.pl\/index.php?rest_route=\/wp\/v2\/pages"}],"about":[{"href":"https:\/\/nicol-development.pl\/index.php?rest_route=\/wp\/v2\/types\/page"}],"author":[{"embeddable":true,"href":"https:\/\/nicol-development.pl\/index.php?rest_route=\/wp\/v2\/users\/1"}],"replies":[{"embeddable":true,"href":"https:\/\/nicol-development.pl\/index.php?rest_route=%2Fwp%2Fv2%2Fcomments&post=254"}],"version-history":[{"count":1,"href":"https:\/\/nicol-development.pl\/index.php?rest_route=\/wp\/v2\/pages\/254\/revisions"}],"predecessor-version":[{"id":259,"href":"https:\/\/nicol-development.pl\/index.php?rest_route=\/wp\/v2\/pages\/254\/revisions\/259"}],"up":[{"embeddable":true,"href":"https:\/\/nicol-development.pl\/index.php?rest_route=\/wp\/v2\/pages\/78"}],"wp:attachment":[{"href":"https:\/\/nicol-development.pl\/index.php?rest_route=%2Fwp%2Fv2%2Fmedia&parent=254"}],"curies":[{"name":"wp","href":"https:\/\/api.w.org\/{rel}","templated":true}]}}