{"id":69,"date":"2024-09-29T14:54:47","date_gmt":"2024-09-29T12:54:47","guid":{"rendered":"http:\/\/nicol-development.pl\/?page_id=69"},"modified":"2025-09-11T19:07:33","modified_gmt":"2025-09-11T17:07:33","slug":"o-nas","status":"publish","type":"page","link":"https:\/\/nicol-development.pl\/?page_id=69","title":{"rendered":"O NAS"},"content":{"rendered":"\n<p style=\"margin-right:0;margin-left:0;font-size:clamp(0.875rem, 0.875rem + ((1vw - 0.2rem) * 0.208), 1rem);\"><strong>Firma NICOL S.C. Marek \u0141ubian, Ewa \u0141ubian prowadzi dzia\u0142alno\u015b\u0107 na szeroko rozumianym rynku nieruchomo\u015bci pocz\u0105wszy od 1998 roku. Podstawowym profilem dzia\u0142alno\u015bci sp\u00f3\u0142ki jest wynajmowanie i zarz\u0105dzanie lokalami w\u0142asnymi i powierzonymi \u2013 g\u0142\u00f3wnie na terenie miasta Bia\u0142ystok.<\/strong><\/p>\n\n\n\n<p>Obecnie nast\u0105pi\u0142o poszerzenie przedmiotu prowadzonej dzia\u0142alno\u015bci sp\u00f3\u0142ki o segment budownictwa mieszkaniowego pod mark\u0105 \u201eNicol- development\u201d.<\/p>\n\n\n\n<p>Korzystamy przy tym ze zdobytej wiedzy i do\u015bwiadczenia, dzia\u0142aj\u0105c wcze\u015bniej w tej bran\u017cy, jako wsp\u00f3lnicy firmy \u201eMar-Jan Bud\u201d Wasilewski i \u0141ubian Sp. jawna, realizuj\u0105cej projekty budowlane \u2013 domy jednorodzinne w zabudowie szeregowej, na terenie dynamicznie rozwijaj\u0105cego si\u0119 miasta Z\u0105bki.<\/p>\n\n\n\n<p>INWESTYCJE W REALIZACJI<\/p>\n\n\n\n<p>Aktualnie prowadzimy rezerwacj\u0119 lokali: 4 lokale mieszkalne , w ramach prowadzonej inwestycji pod nazw\u0105 \u201eMieszkania przy Che\u0142mo\u0144skiego\u201d w Z\u0105bkach.<\/p>\n\n\n\n<ol class=\"wp-block-list\">\n<li>4 lokale mieszkalne w zabudowie bli\u017aniaczej (budynki A i B)<\/li>\n\n\n\n<li>Mieszkania s\u0105 bezczynszowe<\/li>\n\n\n\n<li>Mieszkania na pi\u0119trze s\u0105 dwupoziomowe &#8211; posiadaj\u0105 u\u017cytkowe poddasze z niezale\u017cn\u0105 klatk\u0105 schodow\u0105<\/li>\n\n\n\n<li>W\u0142asne ogr\u00f3dki przynale\u017cne do ka\u017cdego lokalu<\/li>\n\n\n\n<li>Wszystkie lokale posiadaj\u0105 w\u0142asne wej\u015bcia<\/li>\n\n\n\n<li>2 miejsca postojowe dla ka\u017cdego lokalu (razem 8 miejsc)<\/li>\n\n\n\n<li>Dwa niezale\u017cne zjazdy na drog\u0119 publiczn\u0105<\/li>\n<\/ol>\n\n\n\n<p>OPIS- PO\u0141O\u017bENIE<\/p>\n\n\n\n<p>Osiedle \u201eMieszkania przy Che\u0142mo\u0144skiego\u201d realizowane jest w po\u0142udniowej cz\u0119\u015bci Z\u0105bek, w spokojnej okolicy a zarazem bliskiej odleg\u0142o\u015bci od infrastruktury miejskiej u\u0142atwiaj\u0105cej codzienne \u017cycie mieszka\u0144com. Dogodna komunikacja do centrum Warszawy, zar\u00f3wno w\u0142asnym pojazdem jak i \u015brodkami komunikacji miejskiej MZK oraz lokalnej.<\/p>\n\n\n\n<p>W bezpo\u015brednim s\u0105siedztwie znajduj\u0105 si\u0119 liczne supermarkety, punkty us\u0142ugowe oraz obiekty u\u017cyteczno\u015bci publicznej: szko\u0142y podstawowe, poczta, przychodnia zdrowia, itp.<\/p>\n\n\n\n<p>Atutem lokalizacji jest te\u017c bliskie s\u0105siedztwo Lasku Rembertowskiego, idealne miejsce relaksu i wypoczynku.<\/p>\n\n\n\n<p>Poznaj ofert\u0119, zobacz, zarezerwuj.<\/p>\n\n\n\n<div class=\"wp-block-buttons is-content-justification-center is-nowrap is-layout-flex wp-container-core-buttons-is-layout-12a27398 wp-block-buttons-is-layout-flex\">\n<div class=\"wp-block-button\"><a class=\"wp-block-button__link wp-element-button\" href=\"https:\/\/nicol-development.pl\/?page_id=85\" rel=\"https:\/\/nicol-development.pl\/?page_id=85\">NAPISZ DO NAS<\/a><\/div>\n<\/div>\n\n\n<p><!-- \/wp:post-content --><\/p>\n\n<!-- wp:paragraph -->\n<p>DANE IDENTYFIKACYJNE I KONTAKTOWE DOTYCZ\u0104CE DEWELOPERA<\/p>\n<!-- \/wp:paragraph -->\n\n<!-- wp:paragraph -->\n<p>Deweloper: NICOL S.C. Marek \u0141ubian, Ewa \u0141ubian<br>Adres:15-282 Bia\u0142ystok, ul. Pi\u0119kna nr 5 lok. 24<br>Punkt sprzeda\u017cy: 05-230 Koby\u0142ka, ul. Z\u0142otopolska nr 2<br>Numer NIP i REGON NIP: 9661229508 REGON: 050583416<br>Numer telefonu +48&nbsp;604&nbsp;527&nbsp;277<br>Adres poczty elektronicznej <a href=\"mailto:nicolsc@o2.pl\">nicolsc@o2.pl<\/a><br>Adres strony internetowej dewelopera www.nicol-development.pl<\/p>\n<!-- \/wp:paragraph -->","protected":false},"excerpt":{"rendered":"<p>Firma NICOL S.C. Marek \u0141ubian, Ewa \u0141ubian prowadzi dzia\u0142alno\u015b\u0107 na szeroko rozumianym rynku nieruchomo\u015bci pocz\u0105wszy od 1998 roku. Podstawowym profilem dzia\u0142alno\u015bci sp\u00f3\u0142ki jest wynajmowanie i zarz\u0105dzanie lokalami w\u0142asnymi i powierzonymi \u2013 g\u0142\u00f3wnie na terenie miasta Bia\u0142ystok. Obecnie nast\u0105pi\u0142o poszerzenie przedmiotu prowadzonej dzia\u0142alno\u015bci sp\u00f3\u0142ki o segment budownictwa mieszkaniowego pod mark\u0105 \u201eNicol- development\u201d. Korzystamy przy tym ze [&hellip;]<\/p>\n","protected":false},"author":1,"featured_media":151,"parent":0,"menu_order":0,"comment_status":"closed","ping_status":"closed","template":"","meta":{"footnotes":""},"class_list":["post-69","page","type-page","status-publish","has-post-thumbnail","hentry"],"_links":{"self":[{"href":"https:\/\/nicol-development.pl\/index.php?rest_route=\/wp\/v2\/pages\/69","targetHints":{"allow":["GET"]}}],"collection":[{"href":"https:\/\/nicol-development.pl\/index.php?rest_route=\/wp\/v2\/pages"}],"about":[{"href":"https:\/\/nicol-development.pl\/index.php?rest_route=\/wp\/v2\/types\/page"}],"author":[{"embeddable":true,"href":"https:\/\/nicol-development.pl\/index.php?rest_route=\/wp\/v2\/users\/1"}],"replies":[{"embeddable":true,"href":"https:\/\/nicol-development.pl\/index.php?rest_route=%2Fwp%2Fv2%2Fcomments&post=69"}],"version-history":[{"count":8,"href":"https:\/\/nicol-development.pl\/index.php?rest_route=\/wp\/v2\/pages\/69\/revisions"}],"predecessor-version":[{"id":238,"href":"https:\/\/nicol-development.pl\/index.php?rest_route=\/wp\/v2\/pages\/69\/revisions\/238"}],"wp:featuredmedia":[{"embeddable":true,"href":"https:\/\/nicol-development.pl\/index.php?rest_route=\/wp\/v2\/media\/151"}],"wp:attachment":[{"href":"https:\/\/nicol-development.pl\/index.php?rest_route=%2Fwp%2Fv2%2Fmedia&parent=69"}],"curies":[{"name":"wp","href":"https:\/\/api.w.org\/{rel}","templated":true}]}}