{"id":85,"date":"2024-09-29T15:11:25","date_gmt":"2024-09-29T13:11:25","guid":{"rendered":"http:\/\/nicol-development.pl\/?page_id=85"},"modified":"2024-11-16T22:30:52","modified_gmt":"2024-11-16T21:30:52","slug":"napisz-do-nas","status":"publish","type":"page","link":"https:\/\/nicol-development.pl\/?page_id=85","title":{"rendered":"Napisz do nas"},"content":{"rendered":"\n<div class=\"wpcf7 no-js\" id=\"wpcf7-f84-o1\" lang=\"pl-PL\" dir=\"ltr\" data-wpcf7-id=\"84\">\n<div class=\"screen-reader-response\"><p role=\"status\" aria-live=\"polite\" aria-atomic=\"true\"><\/p> <ul><\/ul><\/div>\n<form action=\"\/index.php?rest_route=%2Fwp%2Fv2%2Fpages%2F85#wpcf7-f84-o1\" method=\"post\" class=\"wpcf7-form init\" aria-label=\"Formularz kontaktowy\" novalidate=\"novalidate\" data-status=\"init\">\n<fieldset class=\"hidden-fields-container\"><input type=\"hidden\" name=\"_wpcf7\" value=\"84\" \/><input type=\"hidden\" name=\"_wpcf7_version\" value=\"6.1.5\" \/><input type=\"hidden\" name=\"_wpcf7_locale\" value=\"pl_PL\" \/><input type=\"hidden\" name=\"_wpcf7_unit_tag\" value=\"wpcf7-f84-o1\" \/><input type=\"hidden\" name=\"_wpcf7_container_post\" value=\"0\" \/><input type=\"hidden\" name=\"_wpcf7_posted_data_hash\" value=\"\" \/>\n<\/fieldset>\n<center>\n\t<p><label> Twoje imi\u0119 i nazwisko<br \/>\n<span class=\"wpcf7-form-control-wrap\" data-name=\"your-name\"><input size=\"40\" maxlength=\"400\" class=\"wpcf7-form-control wpcf7-text wpcf7-validates-as-required\" autocomplete=\"name\" aria-required=\"true\" aria-invalid=\"false\" value=\"\" type=\"text\" name=\"your-name\" \/><\/span> <\/label>\n\t<\/p>\n\t<p><label> Tw\u00f3j adres e-mail<br \/>\n<span class=\"wpcf7-form-control-wrap\" data-name=\"your-email\"><input size=\"40\" maxlength=\"400\" class=\"wpcf7-form-control wpcf7-email wpcf7-validates-as-required wpcf7-text wpcf7-validates-as-email\" autocomplete=\"email\" aria-required=\"true\" aria-invalid=\"false\" value=\"\" type=\"email\" name=\"your-email\" \/><\/span> <\/label>\n\t<\/p>\n\t<p><label> Tw\u00f3j numer telefonu<br \/>\n<span class=\"wpcf7-form-control-wrap\" data-name=\"your-tel\"><input size=\"40\" maxlength=\"400\" class=\"wpcf7-form-control wpcf7-tel wpcf7-validates-as-required wpcf7-text wpcf7-validates-as-tel\" autocomplete=\"tel\" aria-required=\"true\" aria-invalid=\"false\" value=\"\" type=\"tel\" name=\"your-tel\" \/><\/span> <\/label>\n\t<\/p>\n\t<p><label> Temat<br \/>\n<span class=\"wpcf7-form-control-wrap\" data-name=\"your-subject\"><input size=\"40\" maxlength=\"400\" class=\"wpcf7-form-control wpcf7-text wpcf7-validates-as-required\" aria-required=\"true\" aria-invalid=\"false\" value=\"\" type=\"text\" name=\"your-subject\" \/><\/span> <\/label>\n\t<\/p>\n\t<p><label> Twoja wiadomo\u015b\u0107<br \/>\n<span class=\"wpcf7-form-control-wrap\" data-name=\"your-message\"><textarea cols=\"40\" rows=\"10\" maxlength=\"2000\" class=\"wpcf7-form-control wpcf7-textarea\" aria-invalid=\"false\" name=\"your-message\"><\/textarea><\/span> <\/label><br \/>\n<span class=\"wpcf7-form-control-wrap\" data-name=\"acceptance-337\"><span class=\"wpcf7-form-control wpcf7-acceptance\"><span class=\"wpcf7-list-item\"><label><input type=\"checkbox\" name=\"acceptance-337\" value=\"1\" aria-invalid=\"false\" \/><span class=\"wpcf7-list-item-label\">Wyra\u017cam zgod\u0119 na przetwarzanie moich danych osobowych w celu zrealizowania zam\u00f3wienia. *<\/span><\/label><\/span><\/span><\/span>\n\t<\/p>\n\t<p><span class=\"wpcf7-form-control-wrap\" data-name=\"acceptance-337\"><span class=\"wpcf7-form-control wpcf7-acceptance\"><span class=\"wpcf7-list-item\"><label><input type=\"checkbox\" name=\"acceptance-337\" value=\"1\" aria-invalid=\"false\" \/><span class=\"wpcf7-list-item-label\">Wyra\u017cam zgod\u0119, na przesy\u0142anie przez NICOL SC informacji handlowych drog\u0105 elektroniczn\u0105 na podany przeze mnie adres email. *<\/span><\/label><\/span><\/span><\/span>\n\t<\/p>\n\t<p><input class=\"wpcf7-form-control wpcf7-submit has-spinner\" type=\"submit\" value=\"Wy\u015blij\" \/>\n\t<\/p>\n<\/center><div class=\"wpcf7-response-output\" aria-hidden=\"true\"><\/div>\n<\/form>\n<\/div>\n\n\n\n<details class=\"wp-block-details is-layout-flow wp-block-details-is-layout-flow\"><summary>* \u00a0(rozwi\u0144) Wyra\u017cam zgod\u0119 na przetwarzanie moich danych osobowych w celu zrealizowania zam\u00f3wienia.<br><em>Powy\u017csza zgoda jest niezb\u0119dna, aby\u015bmy mogli odpowiedzie\u0107 na Twoje zapytanie.<\/em><\/summary>\n<p>Wyra\u017cam zgod\u0119 na przetwarzanie wpisanych przeze mnie danych osobowych przez [NICOL S.C. MAREK \u0141UBIAN EWA \u0141UBIAN ul. Pi\u0119kna 5 \/ 24 15-282 Bia\u0142ystok], adres e-mail: [rodo@nicol-development.pl] w podstawowym celu nawi\u0105zania ze mn\u0105 kontaktu w zwi\u0105zku z przes\u0142aniem zapytania. Podanie danych jest dobrowolne, ale niezb\u0119dne do przetworzenia zapytania z formularza kontaktowego. Zgoda ta mo\u017ce by\u0107 cofni\u0119ta w ka\u017cdej chwili, jednak nie wp\u0142ywa to na zgodno\u015b\u0107 z prawem przetwarzania dokonanego przed jej wycofaniem. Wi\u0119cej o przetwarzaniu danych osobowych w <a href=\"https:\/\/nicol-development.pl\/?page_id=3\">Polityce prywatno\u015bci.<\/a><\/p>\n<\/details>\n\n\n\n<details class=\"wp-block-details is-layout-flow wp-block-details-is-layout-flow\"><summary>* (rozwi\u0144) Wyra\u017cam zgod\u0119, na przesy\u0142anie przez NICOL SC informacji handlowych drog\u0105 elektroniczn\u0105 na podany przeze mnie adres email. <br><em>Powy\u017csza zgoda jest niezb\u0119dna, aby\u015bmy mogli przedstawi\u0107 Ci nasz\u0105 ofert\u0119 i informowa\u0107 Ci\u0119 o nowych us\u0142ugach i promocjach.<\/em> <\/summary>\n<p>Wyra\u017cam zgod\u0119 na otrzymywanie od [NICOL SC], informacji dotycz\u0105cych oferowanych us\u0142ug. Wysy\u0142aj\u0105c wiadomo\u015b\u0107 na adres [rodo@nicol-development.pl] \u00a0mo\u017cna wycofa\u0107 zgod\u0119 w ka\u017cdym czasie bez wp\u0142ywu na zgodno\u015b\u0107 z prawem przetwarzania dokonanego przed jej wycofaniem. Administratorem danych osobowych jest [NICOL S.C. MAREK \u0141UBIAN EWA \u0141UBIAN ul. Pi\u0119kna 5 \/ 24 15-282 Bia\u0142ystok], adres e-mail: [rodo@nicol-development.pl]. Dane osobowe s\u0105 przetwarzane w celu przesy\u0142ania informacji (a) dotycz\u0105cych oferty [NICOL SC] drog\u0105 e-mailow\u0105 (b) handlowych dotycz\u0105cych produkt\u00f3w i us\u0142ug oferowanych przez [NICOL SC] w rozumieniu ustawy o \u015bwiadczeniu us\u0142ug drog\u0105 elektroniczn\u0105 z dnia 18 lipca 2002 r. (c) dla cel\u00f3w marketingu bezpo\u015bredniego [NICOL SC], na podany numer telefonu w rozumieniu ustawy z dnia 16 lipca 2004 r. Prawo telekomunikacyjne. Wi\u0119cej informacji o przetwarzaniu danych osobowych, w tym o przys\u0142uguj\u0105cych Pa\u0144stwu prawach, znajduje si\u0119 w naszej <a href=\"https:\/\/nicol-development.pl\/?page_id=3\">Polityce Prywatno\u015bci.<\/a><\/p>\n<\/details>\n","protected":false},"excerpt":{"rendered":"","protected":false},"author":1,"featured_media":0,"parent":0,"menu_order":0,"comment_status":"closed","ping_status":"closed","template":"","meta":{"footnotes":""},"class_list":["post-85","page","type-page","status-publish","hentry"],"_links":{"self":[{"href":"https:\/\/nicol-development.pl\/index.php?rest_route=\/wp\/v2\/pages\/85","targetHints":{"allow":["GET"]}}],"collection":[{"href":"https:\/\/nicol-development.pl\/index.php?rest_route=\/wp\/v2\/pages"}],"about":[{"href":"https:\/\/nicol-development.pl\/index.php?rest_route=\/wp\/v2\/types\/page"}],"author":[{"embeddable":true,"href":"https:\/\/nicol-development.pl\/index.php?rest_route=\/wp\/v2\/users\/1"}],"replies":[{"embeddable":true,"href":"https:\/\/nicol-development.pl\/index.php?rest_route=%2Fwp%2Fv2%2Fcomments&post=85"}],"version-history":[{"count":8,"href":"https:\/\/nicol-development.pl\/index.php?rest_route=\/wp\/v2\/pages\/85\/revisions"}],"predecessor-version":[{"id":216,"href":"https:\/\/nicol-development.pl\/index.php?rest_route=\/wp\/v2\/pages\/85\/revisions\/216"}],"wp:attachment":[{"href":"https:\/\/nicol-development.pl\/index.php?rest_route=%2Fwp%2Fv2%2Fmedia&parent=85"}],"curies":[{"name":"wp","href":"https:\/\/api.w.org\/{rel}","templated":true}]}}